{"id":1053,"date":"2023-11-07T08:58:39","date_gmt":"2023-11-07T08:58:39","guid":{"rendered":"https:\/\/www.tec.co.mz\/?page_id=1053"},"modified":"2023-11-07T09:09:59","modified_gmt":"2023-11-07T09:09:59","slug":"politica-de-privacidade-para-cadastro-de-newsletter","status":"publish","type":"page","link":"https:\/\/www.tec.co.mz\/en\/politica-de-privacidade-para-cadastro-de-newsletter\/","title":{"rendered":"Pol\u00edtica de Privacidade para Cadastro de Newsletter"},"content":{"rendered":"<div data-elementor-type=\"wp-page\" data-elementor-id=\"1053\" class=\"elementor elementor-1053\" data-elementor-post-type=\"page\">\n\t\t\t\t<div class=\"elementor-element elementor-element-6cfe007 e-flex e-con-boxed e-con e-parent\" data-id=\"6cfe007\" data-element_type=\"container\" data-e-type=\"container\">\n\t\t\t\t\t<div class=\"e-con-inner\">\n\t\t\t\t<div class=\"elementor-element elementor-element-4b6bb1d elementor-widget elementor-widget-heading\" data-id=\"4b6bb1d\" data-element_type=\"widget\" data-e-type=\"widget\" data-widget_type=\"heading.default\">\n\t\t\t\t<div class=\"elementor-widget-container\">\n\t\t\t\t\t<h2 class=\"elementor-heading-title elementor-size-default\">Pol\u00edtica de Privacidade para Cadastro de Newsletter<\/h2>\t\t\t\t<\/div>\n\t\t\t\t<\/div>\n\t\t\t\t<div class=\"elementor-element elementor-element-46f91a1 elementor-widget elementor-widget-text-editor\" data-id=\"46f91a1\" data-element_type=\"widget\" data-e-type=\"widget\" data-widget_type=\"text-editor.default\">\n\t\t\t\t<div class=\"elementor-widget-container\">\n\t\t\t\t\t\t\t\t\t<p><span style=\"text-align: var(--text-align); background-color: var(--background-color);\">Esta pol\u00edtica de privacidade descreve como coletamos, usamos e protegemos suas informa\u00e7\u00f5es pessoais ao se inscrever em nossa newsletter. Ao fornecer seus dados pessoais, voc\u00ea concorda com os termos descritos abaixo:<\/span><\/p>\n<p><span style=\"color: inherit; font-family: var( --e-global-typography-text-font-family ), Sans-serif; text-align: var(--text-align); background-color: var(--background-color); font-size: var(--fontSize); font-style: var(--fontStyle,inherit); letter-spacing: var(--letterSpacing); text-transform: var(--textTransform);\"><b>Coleta de Dados Pessoais<\/b><\/span><\/p>\n<p><span style=\"color: inherit; font-family: var( --e-global-typography-text-font-family ), Sans-serif; font-weight: var( --e-global-typography-text-font-weight ); text-align: var(--text-align); background-color: var(--background-color); font-size: var(--fontSize); font-style: var(--fontStyle,inherit); letter-spacing: var(--letterSpacing); text-transform: var(--textTransform);\">Coletamos seu endere\u00e7o de e-mail exclusivamente para o envio de nossa newsletter.<\/span><\/p>\n<p>N\u00e3o compartilhamos suas informa\u00e7\u00f5es com terceiros, a menos que voc\u00ea forne\u00e7a consentimento expl\u00edcito.<\/p>\n<p><b>Uso dos Dados<\/b><\/p><p><span style=\"color: inherit; background-color: var(--background-color); font-style: var(--fontStyle,inherit); letter-spacing: var(--letterSpacing); text-transform: var(--textTransform);\">Utilizaremos seu endere\u00e7o de e-mail para enviar nossa newsletter e informa\u00e7\u00f5es relacionadas.<\/span><\/p>\n<p>Ocasionalmente, podemos enviar informa\u00e7\u00f5es promocionais sobre nossos produtos, servi\u00e7os ou eventos, mas voc\u00ea sempre ter\u00e1 a op\u00e7\u00e3o de cancelar a assinatura.<\/p>\n<p><b>Cancelamento de Assinatura<\/b><\/p>\n<p><\/p>\n<p>Voc\u00ea pode cancelar a assinatura a qualquer momento clicando no link de cancelamento de assinatura fornecida em cada e-mail ou entrando em contato conosco diretamente.<\/p>\n<p><b>Seguran\u00e7a dos Dados<\/b><\/p>\n<p><\/p>\n<p>Implementamos medidas de seguran\u00e7a para proteger suas informa\u00e7\u00f5es pessoais e garantir que elas sejam tratadas com cuidado e confidencialidade.<\/p>\n<p><b style=\"color: inherit; font-family: var( --e-global-typography-text-font-family ), Sans-serif; text-align: var(--text-align); background-color: var(--background-color); font-size: var(--fontSize); font-style: var(--fontStyle,inherit); letter-spacing: var(--letterSpacing); text-transform: var(--textTransform);\">Altera\u00e7\u00f5es na Pol\u00edtica<\/b><\/p>\n<p><\/p>\n<p>Reservamos-nos o direito de actualizar esta pol\u00edtica periodicamente. Altera\u00e7\u00f5es importantes ser\u00e3o comunicadas a voc\u00ea.<\/p>\n<p><span style=\"text-align: var(--text-align); background-color: var(--background-color);\">Ao se inscrever em nossa newsletter, voc\u00ea concorda com os termos e condi\u00e7\u00f5es desta pol\u00edtica. Se voc\u00ea tiver alguma d\u00favida ou preocupa\u00e7\u00e3o, entre em contacto connosco em&nbsp;<\/span><span style=\"text-align: var(--text-align); background-color: var(--background-color);\">marketing@tec.co.mz&nbsp;<\/span><span style=\"color: inherit; font-family: var( --e-global-typography-text-font-family ), Sans-serif; font-weight: var( --e-global-typography-text-font-weight ); text-align: var(--text-align); font-size: var(--fontSize); font-style: var(--fontStyle,inherit); letter-spacing: var(--letterSpacing); text-transform: var(--textTransform); background-color: var(--background-color);\">.<\/span><\/p>\t\t\t\t\t\t\t\t<\/div>\n\t\t\t\t<\/div>\n\t\t\t\t\t<\/div>\n\t\t\t\t<\/div>\n\t\t\t\t<\/div>","protected":false},"excerpt":{"rendered":"<p>Pol\u00edtica de Privacidade para Cadastro de Newsletter Esta pol\u00edtica de privacidade descreve como coletamos, usamos e protegemos suas informa\u00e7\u00f5es pessoais ao se inscrever em nossa newsletter. Ao fornecer seus dados [&hellip;]<\/p>\n","protected":false},"author":1,"featured_media":0,"parent":0,"menu_order":0,"comment_status":"closed","ping_status":"closed","template":"","meta":{"footnotes":""},"class_list":["post-1053","page","type-page","status-publish","hentry","rishi-post","no-post-thumbnail"],"rishi__cb_customizer_meta":"","_links":{"self":[{"href":"https:\/\/www.tec.co.mz\/en\/wp-json\/wp\/v2\/pages\/1053","targetHints":{"allow":["GET"]}}],"collection":[{"href":"https:\/\/www.tec.co.mz\/en\/wp-json\/wp\/v2\/pages"}],"about":[{"href":"https:\/\/www.tec.co.mz\/en\/wp-json\/wp\/v2\/types\/page"}],"author":[{"embeddable":true,"href":"https:\/\/www.tec.co.mz\/en\/wp-json\/wp\/v2\/users\/1"}],"replies":[{"embeddable":true,"href":"https:\/\/www.tec.co.mz\/en\/wp-json\/wp\/v2\/comments?post=1053"}],"version-history":[{"count":4,"href":"https:\/\/www.tec.co.mz\/en\/wp-json\/wp\/v2\/pages\/1053\/revisions"}],"predecessor-version":[{"id":1063,"href":"https:\/\/www.tec.co.mz\/en\/wp-json\/wp\/v2\/pages\/1053\/revisions\/1063"}],"wp:attachment":[{"href":"https:\/\/www.tec.co.mz\/en\/wp-json\/wp\/v2\/media?parent=1053"}],"curies":[{"name":"wp","href":"https:\/\/api.w.org\/{rel}","templated":true}]}}