{"id":2156,"date":"2024-05-24T12:14:17","date_gmt":"2024-05-24T10:14:17","guid":{"rendered":"https:\/\/www.tec.co.mz\/?page_id=2156"},"modified":"2024-06-03T17:18:46","modified_gmt":"2024-06-03T15:18:46","slug":"midia","status":"publish","type":"page","link":"https:\/\/www.tec.co.mz\/en\/midia\/","title":{"rendered":"Galery"},"content":{"rendered":"<div data-elementor-type=\"wp-page\" data-elementor-id=\"2156\" class=\"elementor elementor-2156\" data-elementor-post-type=\"page\">\n\t\t\t\t\t\t<section class=\"elementor-section elementor-top-section elementor-element elementor-element-a700a98 elementor-section-boxed elementor-section-height-default elementor-section-height-default\" data-id=\"a700a98\" data-element_type=\"section\" data-e-type=\"section\" data-settings=\"{&quot;background_background&quot;:&quot;classic&quot;}\">\n\t\t\t\t\t\t<div class=\"elementor-container elementor-column-gap-default\">\n\t\t\t\t\t\t<\/div>\n\t\t<\/section>\n\t\t\t\t<section class=\"elementor-section elementor-top-section elementor-element elementor-element-334b1525 elementor-section-height-min-height elementor-section-boxed elementor-section-height-default elementor-section-items-middle\" data-id=\"334b1525\" data-element_type=\"section\" data-e-type=\"section\" data-settings=\"{&quot;background_background&quot;:&quot;classic&quot;}\">\n\t\t\t\t\t\t\t<div class=\"elementor-background-overlay\"><\/div>\n\t\t\t\t\t\t\t<div class=\"elementor-container elementor-column-gap-default\">\n\t\t\t\t\t<div class=\"elementor-column elementor-col-100 elementor-top-column elementor-element elementor-element-290e8444\" data-id=\"290e8444\" data-element_type=\"column\" data-e-type=\"column\">\n\t\t\t<div class=\"elementor-widget-wrap elementor-element-populated\">\n\t\t\t\t\t\t<div class=\"elementor-element elementor-element-9456a66 animated-slow elementor-invisible elementor-widget elementor-widget-heading\" data-id=\"9456a66\" data-element_type=\"widget\" data-e-type=\"widget\" data-settings=\"{&quot;_animation&quot;:&quot;fadeInDown&quot;}\" data-widget_type=\"heading.default\">\n\t\t\t\t<div class=\"elementor-widget-container\">\n\t\t\t\t\t<h2 class=\"elementor-heading-title elementor-size-default\">Galery<\/h2>\t\t\t\t<\/div>\n\t\t\t\t<\/div>\n\t\t\t\t\t<\/div>\n\t\t<\/div>\n\t\t\t\t\t<\/div>\n\t\t<\/section>\n\t\t\t\t<section class=\"elementor-section elementor-top-section elementor-element elementor-element-3d2ffae8 elementor-section-full_width elementor-section-height-default elementor-section-height-default\" data-id=\"3d2ffae8\" data-element_type=\"section\" data-e-type=\"section\">\n\t\t\t\t\t\t<div class=\"elementor-container elementor-column-gap-default\">\n\t\t\t\t\t<div class=\"elementor-column elementor-col-100 elementor-top-column elementor-element elementor-element-4fe59cc\" data-id=\"4fe59cc\" data-element_type=\"column\" data-e-type=\"column\">\n\t\t\t<div class=\"elementor-widget-wrap elementor-element-populated\">\n\t\t\t\t\t\t<div class=\"elementor-element elementor-element-1b1ae757 elementor-widget elementor-widget-gallery\" data-id=\"1b1ae757\" data-element_type=\"widget\" data-e-type=\"widget\" data-settings=\"{&quot;columns&quot;:3,&quot;gap&quot;:{&quot;unit&quot;:&quot;px&quot;,&quot;size&quot;:15,&quot;sizes&quot;:[]},&quot;aspect_ratio&quot;:&quot;1:1&quot;,&quot;lazyload&quot;:&quot;yes&quot;,&quot;gallery_layout&quot;:&quot;grid&quot;,&quot;columns_tablet&quot;:2,&quot;columns_mobile&quot;:1,&quot;gap_tablet&quot;:{&quot;unit&quot;:&quot;px&quot;,&quot;size&quot;:10,&quot;sizes&quot;:[]},&quot;gap_mobile&quot;:{&quot;unit&quot;:&quot;px&quot;,&quot;size&quot;:10,&quot;sizes&quot;:[]},&quot;link_to&quot;:&quot;file&quot;,&quot;overlay_background&quot;:&quot;yes&quot;,&quot;content_hover_animation&quot;:&quot;fade-in&quot;}\" data-widget_type=\"gallery.default\">\n\t\t\t\t<div class=\"elementor-widget-container\">\n\t\t\t\t\t\t\t<div class=\"elementor-gallery__container\">\n\t\t\t\t\t\t\t<a class=\"e-gallery-item elementor-gallery-item elementor-animated-content\" href=\"https:\/\/www.tec.co.mz\/wp-content\/uploads\/2024\/06\/Ponte-sobre-o-Rio-Nkalatchana-na-Estrada-N3.png\" data-elementor-open-lightbox=\"yes\" data-elementor-lightbox-slideshow=\"1b1ae757\" data-elementor-lightbox-title=\"Ponte sobre o Rio Nkalatchana na Estrada N3\" data-e-action-hash=\"#elementor-action%3Aaction%3Dlightbox%26settings%3DeyJpZCI6MjQ2NiwidXJsIjoiaHR0cHM6XC9cL3d3dy50ZWMuY28ubXpcL3dwLWNvbnRlbnRcL3VwbG9hZHNcLzIwMjRcLzA2XC9Qb250ZS1zb2JyZS1vLVJpby1Oa2FsYXRjaGFuYS1uYS1Fc3RyYWRhLU4zLnBuZyIsInNsaWRlc2hvdyI6IjFiMWFlNzU3In0%3D\">\n\t\t\t\t\t<div class=\"e-gallery-image elementor-gallery-item__image\" data-thumbnail=\"https:\/\/www.tec.co.mz\/wp-content\/uploads\/elementor\/thumbs\/Ponte-sobre-o-Rio-Nkalatchana-na-Estrada-N3-qp40g8ubcrnpli53ashnasicvcfou9188899mjya1k.png\" data-width=\"700\" data-height=\"700\" aria-label=\"\" role=\"img\" ><\/div>\n\t\t\t\t\t\t\t\t\t\t\t<div class=\"elementor-gallery-item__overlay\"><\/div>\n\t\t\t\t\t\t\t\t\t\t\t\t\t\t<\/a>\n\t\t\t\t\t\t\t<a class=\"e-gallery-item elementor-gallery-item elementor-animated-content\" href=\"https:\/\/www.tec.co.mz\/wp-content\/uploads\/2024\/06\/Edificio-do-Departamento-de-Geologia-da-UEM.png\" data-elementor-open-lightbox=\"yes\" data-elementor-lightbox-slideshow=\"1b1ae757\" data-elementor-lightbox-title=\"Edif\u00edcio do Departamento de Geologia da UEM\" data-e-action-hash=\"#elementor-action%3Aaction%3Dlightbox%26settings%3DeyJpZCI6MjQ2NywidXJsIjoiaHR0cHM6XC9cL3d3dy50ZWMuY28ubXpcL3dwLWNvbnRlbnRcL3VwbG9hZHNcLzIwMjRcLzA2XC9FZGlmaWNpby1kby1EZXBhcnRhbWVudG8tZGUtR2VvbG9naWEtZGEtVUVNLnBuZyIsInNsaWRlc2hvdyI6IjFiMWFlNzU3In0%3D\">\n\t\t\t\t\t<div class=\"e-gallery-image elementor-gallery-item__image\" data-thumbnail=\"https:\/\/www.tec.co.mz\/wp-content\/uploads\/elementor\/thumbs\/Edificio-do-Departamento-de-Geologia-da-UEM-qp40o00dqk9vdovl0n5udc29as7pcctiam0h5qgcpk.png\" data-width=\"700\" data-height=\"700\" aria-label=\"\" role=\"img\" ><\/div>\n\t\t\t\t\t\t\t\t\t\t\t<div class=\"elementor-gallery-item__overlay\"><\/div>\n\t\t\t\t\t\t\t\t\t\t\t\t\t\t<\/a>\n\t\t\t\t\t\t\t<a class=\"e-gallery-item elementor-gallery-item elementor-animated-content\" href=\"https:\/\/www.tec.co.mz\/wp-content\/uploads\/2024\/06\/Estrada-Marracuene-Macaneta.png\" data-elementor-open-lightbox=\"yes\" data-elementor-lightbox-slideshow=\"1b1ae757\" data-elementor-lightbox-title=\"Estrada Marracuene - Macaneta\" data-e-action-hash=\"#elementor-action%3Aaction%3Dlightbox%26settings%3DeyJpZCI6MjQ2OSwidXJsIjoiaHR0cHM6XC9cL3d3dy50ZWMuY28ubXpcL3dwLWNvbnRlbnRcL3VwbG9hZHNcLzIwMjRcLzA2XC9Fc3RyYWRhLU1hcnJhY3VlbmUtTWFjYW5ldGEucG5nIiwic2xpZGVzaG93IjoiMWIxYWU3NTcifQ%3D%3D\">\n\t\t\t\t\t<div class=\"e-gallery-image elementor-gallery-item__image\" data-thumbnail=\"https:\/\/www.tec.co.mz\/wp-content\/uploads\/elementor\/thumbs\/Estrada-Marracuene-Macaneta-qp40yogddsw5a7d5nrc9751s9dktsk7q3gu2fwmc0o.png\" data-width=\"700\" data-height=\"700\" aria-label=\"\" role=\"img\" ><\/div>\n\t\t\t\t\t\t\t\t\t\t\t<div class=\"elementor-gallery-item__overlay\"><\/div>\n\t\t\t\t\t\t\t\t\t\t\t\t\t\t<\/a>\n\t\t\t\t\t\t\t<a class=\"e-gallery-item elementor-gallery-item elementor-animated-content\" href=\"https:\/\/www.tec.co.mz\/wp-content\/uploads\/2024\/06\/Terminal-de-Contentores-do-Porto-da-Beira.png\" data-elementor-open-lightbox=\"yes\" data-elementor-lightbox-slideshow=\"1b1ae757\" data-elementor-lightbox-title=\"Terminal de Contentores do Porto da Beira\" data-e-action-hash=\"#elementor-action%3Aaction%3Dlightbox%26settings%3DeyJpZCI6MjQ3MCwidXJsIjoiaHR0cHM6XC9cL3d3dy50ZWMuY28ubXpcL3dwLWNvbnRlbnRcL3VwbG9hZHNcLzIwMjRcLzA2XC9UZXJtaW5hbC1kZS1Db250ZW50b3Jlcy1kby1Qb3J0by1kYS1CZWlyYS5wbmciLCJzbGlkZXNob3ciOiIxYjFhZTc1NyJ9\">\n\t\t\t\t\t<div class=\"e-gallery-image elementor-gallery-item__image\" data-thumbnail=\"https:\/\/www.tec.co.mz\/wp-content\/uploads\/elementor\/thumbs\/Terminal-de-Contentores-do-Porto-da-Beira-qp411rdbs93zc6w1o3a8dd26cue50ug1uptd2k1vmg.png\" data-width=\"700\" data-height=\"700\" aria-label=\"\" role=\"img\" ><\/div>\n\t\t\t\t\t\t\t\t\t\t\t<div class=\"elementor-gallery-item__overlay\"><\/div>\n\t\t\t\t\t\t\t\t\t\t\t\t\t\t<\/a>\n\t\t\t\t\t\t\t<a class=\"e-gallery-item elementor-gallery-item elementor-animated-content\" href=\"https:\/\/www.tec.co.mz\/wp-content\/uploads\/2024\/06\/Electrificacao-de-5-Sedes-Distritais-nas-Provincias-de-Tete-e-Zambezia-scaled.jpg\" data-elementor-open-lightbox=\"yes\" data-elementor-lightbox-slideshow=\"1b1ae757\" data-elementor-lightbox-title=\"Electrifica\u00e7\u00e3o de 5 Sedes Distritais nas Prov\u00edncias de Tete e Zamb\u00e9zia\" data-e-action-hash=\"#elementor-action%3Aaction%3Dlightbox%26settings%3DeyJpZCI6MjQ3MSwidXJsIjoiaHR0cHM6XC9cL3d3dy50ZWMuY28ubXpcL3dwLWNvbnRlbnRcL3VwbG9hZHNcLzIwMjRcLzA2XC9FbGVjdHJpZmljYWNhby1kZS01LVNlZGVzLURpc3RyaXRhaXMtbmFzLVByb3ZpbmNpYXMtZGUtVGV0ZS1lLVphbWJlemlhLXNjYWxlZC5qcGciLCJzbGlkZXNob3ciOiIxYjFhZTc1NyJ9\">\n\t\t\t\t\t<div class=\"e-gallery-image elementor-gallery-item__image\" data-thumbnail=\"https:\/\/www.tec.co.mz\/wp-content\/uploads\/elementor\/thumbs\/Electrificacao-de-5-Sedes-Distritais-nas-Provincias-de-Tete-e-Zambezia-scaled-qp41aprywfdbyfvqdgn9mlpa4091d0zzf1kwogruc8.jpg\" data-width=\"700\" data-height=\"700\" aria-label=\"\" role=\"img\" ><\/div>\n\t\t\t\t\t\t\t\t\t\t\t<div class=\"elementor-gallery-item__overlay\"><\/div>\n\t\t\t\t\t\t\t\t\t\t\t\t\t\t<\/a>\n\t\t\t\t\t\t\t<a class=\"e-gallery-item elementor-gallery-item elementor-animated-content\" href=\"https:\/\/www.tec.co.mz\/wp-content\/uploads\/2024\/06\/Mini-Hidrica-de-Luaice-scaled.jpg\" data-elementor-open-lightbox=\"yes\" data-elementor-lightbox-slideshow=\"1b1ae757\" data-elementor-lightbox-title=\"default\" data-e-action-hash=\"#elementor-action%3Aaction%3Dlightbox%26settings%3DeyJpZCI6MjQ3MywidXJsIjoiaHR0cHM6XC9cL3d3dy50ZWMuY28ubXpcL3dwLWNvbnRlbnRcL3VwbG9hZHNcLzIwMjRcLzA2XC9NaW5pLUhpZHJpY2EtZGUtTHVhaWNlLXNjYWxlZC5qcGciLCJzbGlkZXNob3ciOiIxYjFhZTc1NyJ9\">\n\t\t\t\t\t<div class=\"e-gallery-image elementor-gallery-item__image\" data-thumbnail=\"https:\/\/www.tec.co.mz\/wp-content\/uploads\/elementor\/thumbs\/Mini-Hidrica-de-Luaice-scaled-qp41cvsknoc4q2qepwdavk0jezki3wlpdrq7ifk5zs.jpg\" data-width=\"700\" data-height=\"700\" aria-label=\"\" role=\"img\" ><\/div>\n\t\t\t\t\t\t\t\t\t\t\t<div class=\"elementor-gallery-item__overlay\"><\/div>\n\t\t\t\t\t\t\t\t\t\t\t\t\t\t<\/a>\n\t\t\t\t\t\t\t<a class=\"e-gallery-item elementor-gallery-item elementor-animated-content\" href=\"https:\/\/www.tec.co.mz\/wp-content\/uploads\/2024\/06\/Regadio-de-Gandlaze.png\" data-elementor-open-lightbox=\"yes\" data-elementor-lightbox-slideshow=\"1b1ae757\" data-elementor-lightbox-title=\"Regadio de Gandlaze\" data-e-action-hash=\"#elementor-action%3Aaction%3Dlightbox%26settings%3DeyJpZCI6MjQ4MSwidXJsIjoiaHR0cHM6XC9cL3d3dy50ZWMuY28ubXpcL3dwLWNvbnRlbnRcL3VwbG9hZHNcLzIwMjRcLzA2XC9SZWdhZGlvLWRlLUdhbmRsYXplLnBuZyIsInNsaWRlc2hvdyI6IjFiMWFlNzU3In0%3D\">\n\t\t\t\t\t<div class=\"e-gallery-image elementor-gallery-item__image\" data-thumbnail=\"https:\/\/www.tec.co.mz\/wp-content\/uploads\/elementor\/thumbs\/Regadio-de-Gandlaze-qp437o7q9vrlolpuproz1p9mymdf1nr38ci948j3vc.png\" data-width=\"700\" data-height=\"700\" aria-label=\"\" role=\"img\" ><\/div>\n\t\t\t\t\t\t\t\t\t\t\t<div class=\"elementor-gallery-item__overlay\"><\/div>\n\t\t\t\t\t\t\t\t\t\t\t\t\t\t<\/a>\n\t\t\t\t\t\t\t<a class=\"e-gallery-item elementor-gallery-item elementor-animated-content\" href=\"https:\/\/www.tec.co.mz\/wp-content\/uploads\/2024\/06\/Sistema-de-Abasteimento-de-Agua-de-Nhampasse.png\" data-elementor-open-lightbox=\"yes\" data-elementor-lightbox-slideshow=\"1b1ae757\" data-elementor-lightbox-title=\"Sistema de Abasteimento de \u00c1gua de Nhampasse\" data-e-action-hash=\"#elementor-action%3Aaction%3Dlightbox%26settings%3DeyJpZCI6MjQ4MiwidXJsIjoiaHR0cHM6XC9cL3d3dy50ZWMuY28ubXpcL3dwLWNvbnRlbnRcL3VwbG9hZHNcLzIwMjRcLzA2XC9TaXN0ZW1hLWRlLUFiYXN0ZWltZW50by1kZS1BZ3VhLWRlLU5oYW1wYXNzZS5wbmciLCJzbGlkZXNob3ciOiIxYjFhZTc1NyJ9\">\n\t\t\t\t\t<div class=\"e-gallery-image elementor-gallery-item__image\" data-thumbnail=\"https:\/\/www.tec.co.mz\/wp-content\/uploads\/elementor\/thumbs\/Sistema-de-Abasteimento-de-Agua-de-Nhampasse-qp4397o7h3viplhapxnymt9u0cs2nsv93yzwfk8vo8.png\" data-width=\"700\" data-height=\"700\" aria-label=\"\" role=\"img\" ><\/div>\n\t\t\t\t\t\t\t\t\t\t\t<div class=\"elementor-gallery-item__overlay\"><\/div>\n\t\t\t\t\t\t\t\t\t\t\t\t\t\t<\/a>\n\t\t\t\t\t\t\t<a class=\"e-gallery-item elementor-gallery-item elementor-animated-content\" href=\"https:\/\/www.tec.co.mz\/wp-content\/uploads\/2024\/06\/Reabilitacao-da-Barragem-de-Mavuzi-scaled.jpg\" data-elementor-open-lightbox=\"yes\" data-elementor-lightbox-slideshow=\"1b1ae757\" data-elementor-lightbox-title=\"Reabilita\u00e7\u00e3o da Barragem de Mavuzi\" data-e-action-hash=\"#elementor-action%3Aaction%3Dlightbox%26settings%3DeyJpZCI6MjQ4NCwidXJsIjoiaHR0cHM6XC9cL3d3dy50ZWMuY28ubXpcL3dwLWNvbnRlbnRcL3VwbG9hZHNcLzIwMjRcLzA2XC9SZWFiaWxpdGFjYW8tZGEtQmFycmFnZW0tZGUtTWF2dXppLXNjYWxlZC5qcGciLCJzbGlkZXNob3ciOiIxYjFhZTc1NyJ9\">\n\t\t\t\t\t<div class=\"e-gallery-image elementor-gallery-item__image\" data-thumbnail=\"https:\/\/www.tec.co.mz\/wp-content\/uploads\/elementor\/thumbs\/Reabilitacao-da-Barragem-de-Mavuzi-scaled-qp43cmt2cek2yiifqww37g77ttx5o5g38wgiat6b14.jpg\" data-width=\"700\" data-height=\"700\" aria-label=\"\" role=\"img\" ><\/div>\n\t\t\t\t\t\t\t\t\t\t\t<div class=\"elementor-gallery-item__overlay\"><\/div>\n\t\t\t\t\t\t\t\t\t\t\t\t\t\t<\/a>\n\t\t\t\t\t\t\t<a class=\"e-gallery-item elementor-gallery-item elementor-animated-content\" href=\"https:\/\/www.tec.co.mz\/wp-content\/uploads\/2024\/06\/Fase-II-do-Aterro-Industrial-de-Residuos-Perigosos-de-Mavoco.png\" data-elementor-open-lightbox=\"yes\" data-elementor-lightbox-slideshow=\"1b1ae757\" data-elementor-lightbox-title=\"Fase II do Aterro Industrial de Res\u00edduos Perigosos de Mavoco\" data-e-action-hash=\"#elementor-action%3Aaction%3Dlightbox%26settings%3DeyJpZCI6MjQ4OCwidXJsIjoiaHR0cHM6XC9cL3d3dy50ZWMuY28ubXpcL3dwLWNvbnRlbnRcL3VwbG9hZHNcLzIwMjRcLzA2XC9GYXNlLUlJLWRvLUF0ZXJyby1JbmR1c3RyaWFsLWRlLVJlc2lkdW9zLVBlcmlnb3Nvcy1kZS1NYXZvY28ucG5nIiwic2xpZGVzaG93IjoiMWIxYWU3NTcifQ%3D%3D\">\n\t\t\t\t\t<div class=\"e-gallery-image elementor-gallery-item__image\" data-thumbnail=\"https:\/\/www.tec.co.mz\/wp-content\/uploads\/elementor\/thumbs\/Fase-II-do-Aterro-Industrial-de-Residuos-Perigosos-de-Mavoco-qp43gu52wqb8vqem78b0uw0fgv793f4vhphokcxx7c.png\" data-width=\"700\" data-height=\"700\" aria-label=\"\" role=\"img\" ><\/div>\n\t\t\t\t\t\t\t\t\t\t\t<div class=\"elementor-gallery-item__overlay\"><\/div>\n\t\t\t\t\t\t\t\t\t\t\t\t\t\t<\/a>\n\t\t\t\t\t\t\t<a class=\"e-gallery-item elementor-gallery-item elementor-animated-content\" href=\"https:\/\/www.tec.co.mz\/wp-content\/uploads\/2024\/06\/Estacao-de-Tratamento-de-Aguas-de-Songo.png\" data-elementor-open-lightbox=\"yes\" data-elementor-lightbox-slideshow=\"1b1ae757\" data-elementor-lightbox-title=\"Esta\u00e7\u00e3o de Tratamento de \u00c1guas de Songo\" data-e-action-hash=\"#elementor-action%3Aaction%3Dlightbox%26settings%3DeyJpZCI6MjQ4OSwidXJsIjoiaHR0cHM6XC9cL3d3dy50ZWMuY28ubXpcL3dwLWNvbnRlbnRcL3VwbG9hZHNcLzIwMjRcLzA2XC9Fc3RhY2FvLWRlLVRyYXRhbWVudG8tZGUtQWd1YXMtZGUtU29uZ28ucG5nIiwic2xpZGVzaG93IjoiMWIxYWU3NTcifQ%3D%3D\">\n\t\t\t\t\t<div class=\"e-gallery-image elementor-gallery-item__image\" data-thumbnail=\"https:\/\/www.tec.co.mz\/wp-content\/uploads\/elementor\/thumbs\/Estacao-de-Tratamento-de-Aguas-de-Songo-qp43jx21b6j2xpxi7k90140tkc0kbpd78ygz70dgt4.png\" data-width=\"700\" data-height=\"700\" aria-label=\"\" role=\"img\" ><\/div>\n\t\t\t\t\t\t\t\t\t\t\t<div class=\"elementor-gallery-item__overlay\"><\/div>\n\t\t\t\t\t\t\t\t\t\t\t\t\t\t<\/a>\n\t\t\t\t\t\t\t<a class=\"e-gallery-item elementor-gallery-item elementor-animated-content\" href=\"https:\/\/www.tec.co.mz\/wp-content\/uploads\/2024\/06\/Remodelacao-da-Central-Hodroelectrica-de-Mavizi-scaled.jpg\" data-elementor-open-lightbox=\"yes\" data-elementor-lightbox-slideshow=\"1b1ae757\" data-elementor-lightbox-title=\"Remodela\u00e7\u00e3o da Central Hodroel\u00e9ctrica de Mavizi\" data-e-action-hash=\"#elementor-action%3Aaction%3Dlightbox%26settings%3DeyJpZCI6MjYyNCwidXJsIjoiaHR0cHM6XC9cL3d3dy50ZWMuY28ubXpcL3dwLWNvbnRlbnRcL3VwbG9hZHNcLzIwMjRcLzA2XC9SZW1vZGVsYWNhby1kYS1DZW50cmFsLUhvZHJvZWxlY3RyaWNhLWRlLU1hdml6aS1zY2FsZWQuanBnIiwic2xpZGVzaG93IjoiMWIxYWU3NTcifQ%3D%3D\">\n\t\t\t\t\t<div class=\"e-gallery-image elementor-gallery-item__image\" data-thumbnail=\"https:\/\/www.tec.co.mz\/wp-content\/uploads\/elementor\/thumbs\/Remodelacao-da-Central-Hodroelectrica-de-Mavizi-scaled-qp4dqmt9najagz97uks5b2lst2iscm79c13kian3a0.jpg\" data-width=\"700\" data-height=\"700\" aria-label=\"\" role=\"img\" ><\/div>\n\t\t\t\t\t\t\t\t\t\t\t<div class=\"elementor-gallery-item__overlay\"><\/div>\n\t\t\t\t\t\t\t\t\t\t\t\t\t\t<\/a>\n\t\t\t\t\t\t\t<a class=\"e-gallery-item elementor-gallery-item elementor-animated-content\" href=\"https:\/\/www.tec.co.mz\/wp-content\/uploads\/2024\/06\/Capacitacao-e-Assistencia-Tecnica-as-PMEs.png\" data-elementor-open-lightbox=\"yes\" data-elementor-lightbox-slideshow=\"1b1ae757\" data-elementor-lightbox-title=\"Capacita\u00e7\u00e3o e Assist\u00eancia T\u00e9cnica as PMEs\" data-e-action-hash=\"#elementor-action%3Aaction%3Dlightbox%26settings%3DeyJpZCI6MjYyNywidXJsIjoiaHR0cHM6XC9cL3d3dy50ZWMuY28ubXpcL3dwLWNvbnRlbnRcL3VwbG9hZHNcLzIwMjRcLzA2XC9DYXBhY2l0YWNhby1lLUFzc2lzdGVuY2lhLVRlY25pY2EtYXMtUE1Fcy5wbmciLCJzbGlkZXNob3ciOiIxYjFhZTc1NyJ9\">\n\t\t\t\t\t<div class=\"e-gallery-image elementor-gallery-item__image\" data-thumbnail=\"https:\/\/www.tec.co.mz\/wp-content\/uploads\/elementor\/thumbs\/Capacitacao-e-Assistencia-Tecnica-as-PMEs-qp4dydzc135g95zpkfgcdm5p8iasupzjeeus1h55y0.png\" data-width=\"700\" data-height=\"700\" aria-label=\"\" role=\"img\" ><\/div>\n\t\t\t\t\t\t\t\t\t\t\t<div class=\"elementor-gallery-item__overlay\"><\/div>\n\t\t\t\t\t\t\t\t\t\t\t\t\t\t<\/a>\n\t\t\t\t\t<\/div>\n\t\t\t\t\t<\/div>\n\t\t\t\t<\/div>\n\t\t\t\t\t<\/div>\n\t\t<\/div>\n\t\t\t\t\t<\/div>\n\t\t<\/section>\n\t\t\t\t<\/div>","protected":false},"excerpt":{"rendered":"<p>Galery<\/p>","protected":false},"author":1,"featured_media":0,"parent":0,"menu_order":0,"comment_status":"closed","ping_status":"closed","template":"","meta":{"footnotes":""},"class_list":["post-2156","page","type-page","status-publish","hentry","rishi-post","no-post-thumbnail"],"rishi__cb_customizer_meta":"","_links":{"self":[{"href":"https:\/\/www.tec.co.mz\/en\/wp-json\/wp\/v2\/pages\/2156","targetHints":{"allow":["GET"]}}],"collection":[{"href":"https:\/\/www.tec.co.mz\/en\/wp-json\/wp\/v2\/pages"}],"about":[{"href":"https:\/\/www.tec.co.mz\/en\/wp-json\/wp\/v2\/types\/page"}],"author":[{"embeddable":true,"href":"https:\/\/www.tec.co.mz\/en\/wp-json\/wp\/v2\/users\/1"}],"replies":[{"embeddable":true,"href":"https:\/\/www.tec.co.mz\/en\/wp-json\/wp\/v2\/comments?post=2156"}],"version-history":[{"count":35,"href":"https:\/\/www.tec.co.mz\/en\/wp-json\/wp\/v2\/pages\/2156\/revisions"}],"predecessor-version":[{"id":2633,"href":"https:\/\/www.tec.co.mz\/en\/wp-json\/wp\/v2\/pages\/2156\/revisions\/2633"}],"wp:attachment":[{"href":"https:\/\/www.tec.co.mz\/en\/wp-json\/wp\/v2\/media?parent=2156"}],"curies":[{"name":"wp","href":"https:\/\/api.w.org\/{rel}","templated":true}]}}